{"id":2189,"date":"2025-03-31T14:54:13","date_gmt":"2025-03-31T12:54:13","guid":{"rendered":"https:\/\/websailing-new.stagetest.it\/licencjonowanie-oprogramowania\/"},"modified":"2025-05-29T10:12:27","modified_gmt":"2025-05-29T08:12:27","slug":"licencjonowanie-oprogramowania","status":"publish","type":"page","link":"https:\/\/websailing-new.stagetest.it\/pl\/licencjonowanie-oprogramowania\/","title":{"rendered":"Licencjonowanie oprogramowania"},"content":{"rendered":"\n<div style=\"background-image:url(&apos;https:\/\/websailing-new.stagetest.it\/wp-content\/uploads\/2025\/04\/banner-bg-opacity-1.svg&apos;);background-size:cover;\" class=\"wp-block-group alignfull has-global-padding is-layout-constrained wp-block-group-is-layout-constrained has-background\">\n<div style=\"height:100px\" aria-hidden=\"true\" class=\"wp-block-spacer\"><\/div>\n\n\n\n<div class=\"wp-block-group has-global-padding is-layout-constrained wp-container-core-group-is-layout-40e9eaf8 wp-block-group-is-layout-constrained\">\n<h1 class=\"wp-block-heading has-text-align-center\">Licencjonowanie oprogramowania<\/h1>\n\n\n\n<p class=\"has-text-align-center\">Poznaj swoje prawa i obowi\u0105zki podczas korzystania z naszego oprogramowania. D\u0105\u017cymy do zapewnienia jasnych, uczciwych i przejrzystych warunk\u00f3w licencjonowania. <\/p>\n<\/div>\n\n\n\n<div style=\"height:100px\" aria-hidden=\"true\" class=\"wp-block-spacer\"><\/div>\n<\/div>\n\n<div style=\"height:90px\" aria-hidden=\"true\" class=\"wp-block-spacer\"><\/div>\n\n<h4 class=\"wp-block-heading\">Obowi\u0105zkowe dla:<\/h4>\n\n<ul class=\"wp-block-list\">\n<li>Podstawowa licencja \u017ceglarska<\/li>\n\n\n\n<li>\u017beglarska licencja CMS<\/li>\n\n\n\n<li>Licencja Mobile Boilerplate<\/li>\n\n\n\n<li>Sailing Logger<\/li>\n\n\n\n<li>Wtyczka Sailing WordPress Boilerplate<\/li>\n<\/ul>\n\n<h4 class=\"wp-block-heading\">Licencja<\/h4>\n\n<p>COPYRIGHT 2021 SAILING BYTE sp. z o.o. (numer KRS 0000676431): <\/p>\n\n<p>Niniejszym udziela si\u0119 zezwolenia, zgodnie z okre\u015blon\u0105 polityk\u0105 cenow\u0105, ka\u017cdej osobie uzyskuj\u0105cej kopi\u0119 tego oprogramowania i powi\u0105zanych plik\u00f3w dokumentacji (\u201eOprogramowanie\u201d), na nieograniczone korzystanie z Oprogramowania. Na podstawie niniejszej licencji Licencjobiorca mo\u017ce korzysta\u0107 z Oprogramowania w swojej dzia\u0142alno\u015bci gospodarczej, ale nie mo\u017ce kopiowa\u0107 Oprogramowania (z wy\u0142\u0105czeniem tworzenia kopii niezb\u0119dnych do prawid\u0142owego korzystania z Oprogramowania), modyfikowa\u0107, \u0142\u0105czy\u0107, publikowa\u0107, dystrybuowa\u0107, sublicencjonowa\u0107, remiksowa\u0107, odsprzedawa\u0107 i\/lub sprzedawa\u0107 kopii Oprogramowania oraz zezwala\u0107 na to osobom, kt\u00f3rym oprogramowanie zosta\u0142o dostarczone, z zastrze\u017ceniem nast\u0119puj\u0105cych warunk\u00f3w: <\/p>\n\n<p>Powy\u017csza informacja o prawach autorskich i niniejsza informacja o zezwoleniu b\u0119d\u0105 zawarte we wszystkich kopiach lub istotnych cz\u0119\u015bciach Oprogramowania.<\/p>\n\n<p>Oprogramowanie jest dostarczane w stanie, w jakim si\u0119 znajduje, bez jakiejkolwiek gwarancji, wyra\u017anej lub dorozumianej, w tym mi\u0119dzy innymi gwarancji przydatno\u015bci handlowej, przydatno\u015bci do okre\u015blonego celu i nienaruszania praw. W \u017cadnym wypadku autorzy lub w\u0142a\u015bciciele praw autorskich nie ponosz\u0105 odpowiedzialno\u015bci za jakiekolwiek roszczenia, szkody lub inn\u0105 odpowiedzialno\u015b\u0107, czy to w ramach dzia\u0142a\u0144 kontraktowych, deliktowych lub innych, wynikaj\u0105cych z, z lub w zwi\u0105zku z oprogramowaniem lub u\u017cytkowaniem lub innymi transakcjami zwi\u0105zanymi z oprogramowaniem. <\/p>\n\n<p>Niniejsza Licencja jest niewy\u0142\u0105czna.<\/p>\n\n<p>Przeniesienie licencji w drodze odsprzeda\u017cy wymaga uprzedniego pisemnego (pod rygorem niewa\u017cno\u015bci) powiadomienia i zgody Sailing Byte sp. z o.o.. Przeniesienie mo\u017ce nast\u0105pi\u0107 wy\u0142\u0105cznie z przeniesieniem wszystkich praw i obowi\u0105zk\u00f3w okre\u015blonych w SLA.  <\/p>\n\n<p>Z wyj\u0105tkiem przypadk\u00f3w okre\u015blonych w niniejszej informacji, nazwa Sailing Byte sp. z o.o. nie mo\u017ce by\u0107 wykorzystywana w reklamach ani w inny spos\u00f3b do promowania sprzeda\u017cy, u\u017cytkowania lub innych transakcji zwi\u0105zanych z tym oprogramowaniem bez uprzedniej pisemnej zgody Sailing Byte sp. z o.o.  <\/p>\n\n<p>Z wyj\u0105tkiem przypadk\u00f3w zawartych w niniejszym zawiadomieniu, w przypadku likwidacji Sailing Byte sp. z o.o. u\u017cytkownicy \u201eOprogramowania\u201d uzyskaj\u0105 do niego prawa z ograniczeniami i\/lub ograniczeniami okre\u015blonymi przez lokalne polityki dotycz\u0105ce oprogramowania porzuconego. <\/p>\n\n<p>Niniejsza licencja jest udzielana na podstawie prawa polskiego. Strony uzgadniaj\u0105, \u017ce polskie s\u0105dy b\u0119d\u0105 mia\u0142y wy\u0142\u0105czn\u0105 jurysdykcj\u0119 do rozstrzygania wszelkich spor\u00f3w wynikaj\u0105cych z niniejszej Licencji lub z ni\u0105 zwi\u0105zanych. Wszelkie spory wynikaj\u0105ce z lub w zwi\u0105zku z niniejsz\u0105 Umow\u0105 b\u0119d\u0105 rozstrzygane przez s\u0105d w\u0142a\u015bciwy dla siedziby Sailing Byte.  <\/p>\n\n<p>SAILING CORE LICENCE &amp; SAILING CMS LICENSE &amp; MOBILE BOLERPLATE LICENSE &amp; SAILING LOGGER &amp; SAILING WORDPRESS PLUGIN BOILERPLATE<br\/>jest znakiem towarowym Sailing Byte sp. z o.o. <\/p>\n\n<div style=\"height:90px\" aria-hidden=\"true\" class=\"wp-block-spacer\"><\/div>\n","protected":false},"excerpt":{"rendered":"<p>Licencjonowanie oprogramowania Poznaj swoje prawa i obowi\u0105zki podczas korzystania z naszego oprogramowania. D\u0105\u017cymy do zapewnienia jasnych, uczciwych i przejrzystych warunk\u00f3w licencjonowania. Obowi\u0105zkowe dla: Licencja COPYRIGHT 2021 SAILING BYTE sp. z o.o. (numer KRS 0000676431): Niniejszym udziela si\u0119 zezwolenia, zgodnie z okre\u015blon\u0105 polityk\u0105 cenow\u0105, ka\u017cdej osobie uzyskuj\u0105cej kopi\u0119 tego oprogramowania i powi\u0105zanych plik\u00f3w dokumentacji (\u201eOprogramowanie\u201d), na [&hellip;]<\/p>\n","protected":false},"author":1,"featured_media":0,"parent":0,"menu_order":0,"comment_status":"closed","ping_status":"closed","template":"page-no-title","meta":{"_acf_changed":false,"inline_featured_image":false,"pgc_sgb_lightbox_settings":"","footnotes":""},"class_list":["post-2189","page","type-page","status-publish","hentry"],"acf":{"schema_json_en":null,"schema_json_pl":null},"yoast_head":"<!-- This site is optimized with the Yoast SEO plugin v26.8 - https:\/\/yoast.com\/product\/yoast-seo-wordpress\/ -->\n<title>Licencja na pakiety Sailing Byte | Sailing Byte<\/title>\n<meta name=\"description\" content=\"Dostarczamy w\u0142asne rozwi\u0105zania, kt\u00f3re mo\u017cna w\u0142\u0105czy\u0107 do projektu, aby zmniejszy\u0107 ilo\u015b\u0107 potrzebnej pracy. Twoje rozwi\u0105zanie mo\u017ce dzia\u0142a\u0107 przy u\u017cyciu naszych licencji, kt\u00f3re s\u0105 nast\u0119puj\u0105ce.\" \/>\n<meta name=\"robots\" content=\"index, follow, max-snippet:-1, max-image-preview:large, max-video-preview:-1\" \/>\n<link rel=\"canonical\" href=\"https:\/\/websailing-new.stagetest.it\/pl\/licencjonowanie-oprogramowania\/\" \/>\n<meta property=\"og:locale\" content=\"pl_PL\" \/>\n<meta property=\"og:type\" content=\"article\" \/>\n<meta property=\"og:title\" content=\"Licencja na pakiety Sailing Byte | Sailing Byte\" \/>\n<meta property=\"og:description\" content=\"Dostarczamy w\u0142asne rozwi\u0105zania, kt\u00f3re mo\u017cna w\u0142\u0105czy\u0107 do projektu, aby zmniejszy\u0107 ilo\u015b\u0107 potrzebnej pracy. Twoje rozwi\u0105zanie mo\u017ce dzia\u0142a\u0107 przy u\u017cyciu naszych licencji, kt\u00f3re s\u0105 nast\u0119puj\u0105ce.\" \/>\n<meta property=\"og:url\" content=\"https:\/\/websailing-new.stagetest.it\/pl\/licencjonowanie-oprogramowania\/\" \/>\n<meta property=\"og:site_name\" content=\"Sailing Byte\" \/>\n<meta property=\"article:modified_time\" content=\"2025-05-29T08:12:27+00:00\" \/>\n<meta name=\"twitter:card\" content=\"summary_large_image\" \/>\n<meta name=\"twitter:label1\" content=\"Szacowany czas czytania\" \/>\n\t<meta name=\"twitter:data1\" content=\"2 minuty\" \/>\n<script type=\"application\/ld+json\" class=\"yoast-schema-graph\">{\"@context\":\"https:\/\/schema.org\",\"@graph\":[{\"@type\":\"WebPage\",\"@id\":\"https:\/\/websailing-new.stagetest.it\/pl\/licencjonowanie-oprogramowania\/\",\"url\":\"https:\/\/websailing-new.stagetest.it\/pl\/licencjonowanie-oprogramowania\/\",\"name\":\"Licencja na pakiety Sailing Byte | Sailing Byte\",\"isPartOf\":{\"@id\":\"https:\/\/websailing-new.stagetest.it\/pl\/#website\"},\"datePublished\":\"2025-03-31T12:54:13+00:00\",\"dateModified\":\"2025-05-29T08:12:27+00:00\",\"description\":\"Dostarczamy w\u0142asne rozwi\u0105zania, kt\u00f3re mo\u017cna w\u0142\u0105czy\u0107 do projektu, aby zmniejszy\u0107 ilo\u015b\u0107 potrzebnej pracy. Twoje rozwi\u0105zanie mo\u017ce dzia\u0142a\u0107 przy u\u017cyciu naszych licencji, kt\u00f3re s\u0105 nast\u0119puj\u0105ce.\",\"breadcrumb\":{\"@id\":\"https:\/\/websailing-new.stagetest.it\/pl\/licencjonowanie-oprogramowania\/#breadcrumb\"},\"inLanguage\":\"pl-PL\",\"potentialAction\":[{\"@type\":\"ReadAction\",\"target\":[\"https:\/\/websailing-new.stagetest.it\/pl\/licencjonowanie-oprogramowania\/\"]}]},{\"@type\":\"BreadcrumbList\",\"@id\":\"https:\/\/websailing-new.stagetest.it\/pl\/licencjonowanie-oprogramowania\/#breadcrumb\",\"itemListElement\":[{\"@type\":\"ListItem\",\"position\":1,\"name\":\"Home\",\"item\":\"https:\/\/websailing-new.stagetest.it\/pl\/\"},{\"@type\":\"ListItem\",\"position\":2,\"name\":\"Licencjonowanie oprogramowania\"}]},{\"@type\":\"WebSite\",\"@id\":\"https:\/\/websailing-new.stagetest.it\/pl\/#website\",\"url\":\"https:\/\/websailing-new.stagetest.it\/pl\/\",\"name\":\"Sailing Byte\",\"description\":\"Laravel &amp; React.js Software House\",\"publisher\":{\"@id\":\"https:\/\/websailing-new.stagetest.it\/pl\/#organization\"},\"potentialAction\":[{\"@type\":\"SearchAction\",\"target\":{\"@type\":\"EntryPoint\",\"urlTemplate\":\"https:\/\/websailing-new.stagetest.it\/pl\/?s={search_term_string}\"},\"query-input\":{\"@type\":\"PropertyValueSpecification\",\"valueRequired\":true,\"valueName\":\"search_term_string\"}}],\"inLanguage\":\"pl-PL\"},{\"@type\":\"Organization\",\"@id\":\"https:\/\/websailing-new.stagetest.it\/pl\/#organization\",\"name\":\"Sailing Byte\",\"url\":\"https:\/\/websailing-new.stagetest.it\/pl\/\",\"logo\":{\"@type\":\"ImageObject\",\"inLanguage\":\"pl-PL\",\"@id\":\"https:\/\/websailing-new.stagetest.it\/pl\/#\/schema\/logo\/image\/\",\"url\":\"https:\/\/websailing-new.stagetest.it\/wp-content\/uploads\/2025\/03\/sb_logo_transparent-1.png\",\"contentUrl\":\"https:\/\/websailing-new.stagetest.it\/wp-content\/uploads\/2025\/03\/sb_logo_transparent-1.png\",\"width\":600,\"height\":93,\"caption\":\"Sailing Byte\"},\"image\":{\"@id\":\"https:\/\/websailing-new.stagetest.it\/pl\/#\/schema\/logo\/image\/\"}}]}<\/script>\n<!-- \/ Yoast SEO plugin. -->","yoast_head_json":{"title":"Licencja na pakiety Sailing Byte | Sailing Byte","description":"Dostarczamy w\u0142asne rozwi\u0105zania, kt\u00f3re mo\u017cna w\u0142\u0105czy\u0107 do projektu, aby zmniejszy\u0107 ilo\u015b\u0107 potrzebnej pracy. Twoje rozwi\u0105zanie mo\u017ce dzia\u0142a\u0107 przy u\u017cyciu naszych licencji, kt\u00f3re s\u0105 nast\u0119puj\u0105ce.","robots":{"index":"index","follow":"follow","max-snippet":"max-snippet:-1","max-image-preview":"max-image-preview:large","max-video-preview":"max-video-preview:-1"},"canonical":"https:\/\/websailing-new.stagetest.it\/pl\/licencjonowanie-oprogramowania\/","og_locale":"pl_PL","og_type":"article","og_title":"Licencja na pakiety Sailing Byte | Sailing Byte","og_description":"Dostarczamy w\u0142asne rozwi\u0105zania, kt\u00f3re mo\u017cna w\u0142\u0105czy\u0107 do projektu, aby zmniejszy\u0107 ilo\u015b\u0107 potrzebnej pracy. Twoje rozwi\u0105zanie mo\u017ce dzia\u0142a\u0107 przy u\u017cyciu naszych licencji, kt\u00f3re s\u0105 nast\u0119puj\u0105ce.","og_url":"https:\/\/websailing-new.stagetest.it\/pl\/licencjonowanie-oprogramowania\/","og_site_name":"Sailing Byte","article_modified_time":"2025-05-29T08:12:27+00:00","twitter_card":"summary_large_image","twitter_misc":{"Szacowany czas czytania":"2 minuty"},"schema":{"@context":"https:\/\/schema.org","@graph":[{"@type":"WebPage","@id":"https:\/\/websailing-new.stagetest.it\/pl\/licencjonowanie-oprogramowania\/","url":"https:\/\/websailing-new.stagetest.it\/pl\/licencjonowanie-oprogramowania\/","name":"Licencja na pakiety Sailing Byte | Sailing Byte","isPartOf":{"@id":"https:\/\/websailing-new.stagetest.it\/pl\/#website"},"datePublished":"2025-03-31T12:54:13+00:00","dateModified":"2025-05-29T08:12:27+00:00","description":"Dostarczamy w\u0142asne rozwi\u0105zania, kt\u00f3re mo\u017cna w\u0142\u0105czy\u0107 do projektu, aby zmniejszy\u0107 ilo\u015b\u0107 potrzebnej pracy. Twoje rozwi\u0105zanie mo\u017ce dzia\u0142a\u0107 przy u\u017cyciu naszych licencji, kt\u00f3re s\u0105 nast\u0119puj\u0105ce.","breadcrumb":{"@id":"https:\/\/websailing-new.stagetest.it\/pl\/licencjonowanie-oprogramowania\/#breadcrumb"},"inLanguage":"pl-PL","potentialAction":[{"@type":"ReadAction","target":["https:\/\/websailing-new.stagetest.it\/pl\/licencjonowanie-oprogramowania\/"]}]},{"@type":"BreadcrumbList","@id":"https:\/\/websailing-new.stagetest.it\/pl\/licencjonowanie-oprogramowania\/#breadcrumb","itemListElement":[{"@type":"ListItem","position":1,"name":"Home","item":"https:\/\/websailing-new.stagetest.it\/pl\/"},{"@type":"ListItem","position":2,"name":"Licencjonowanie oprogramowania"}]},{"@type":"WebSite","@id":"https:\/\/websailing-new.stagetest.it\/pl\/#website","url":"https:\/\/websailing-new.stagetest.it\/pl\/","name":"Sailing Byte","description":"Laravel &amp; React.js Software House","publisher":{"@id":"https:\/\/websailing-new.stagetest.it\/pl\/#organization"},"potentialAction":[{"@type":"SearchAction","target":{"@type":"EntryPoint","urlTemplate":"https:\/\/websailing-new.stagetest.it\/pl\/?s={search_term_string}"},"query-input":{"@type":"PropertyValueSpecification","valueRequired":true,"valueName":"search_term_string"}}],"inLanguage":"pl-PL"},{"@type":"Organization","@id":"https:\/\/websailing-new.stagetest.it\/pl\/#organization","name":"Sailing Byte","url":"https:\/\/websailing-new.stagetest.it\/pl\/","logo":{"@type":"ImageObject","inLanguage":"pl-PL","@id":"https:\/\/websailing-new.stagetest.it\/pl\/#\/schema\/logo\/image\/","url":"https:\/\/websailing-new.stagetest.it\/wp-content\/uploads\/2025\/03\/sb_logo_transparent-1.png","contentUrl":"https:\/\/websailing-new.stagetest.it\/wp-content\/uploads\/2025\/03\/sb_logo_transparent-1.png","width":600,"height":93,"caption":"Sailing Byte"},"image":{"@id":"https:\/\/websailing-new.stagetest.it\/pl\/#\/schema\/logo\/image\/"}}]}},"_links":{"self":[{"href":"https:\/\/websailing-new.stagetest.it\/pl\/wp-json\/wp\/v2\/pages\/2189","targetHints":{"allow":["GET"]}}],"collection":[{"href":"https:\/\/websailing-new.stagetest.it\/pl\/wp-json\/wp\/v2\/pages"}],"about":[{"href":"https:\/\/websailing-new.stagetest.it\/pl\/wp-json\/wp\/v2\/types\/page"}],"author":[{"embeddable":true,"href":"https:\/\/websailing-new.stagetest.it\/pl\/wp-json\/wp\/v2\/users\/1"}],"replies":[{"embeddable":true,"href":"https:\/\/websailing-new.stagetest.it\/pl\/wp-json\/wp\/v2\/comments?post=2189"}],"version-history":[{"count":1,"href":"https:\/\/websailing-new.stagetest.it\/pl\/wp-json\/wp\/v2\/pages\/2189\/revisions"}],"predecessor-version":[{"id":2190,"href":"https:\/\/websailing-new.stagetest.it\/pl\/wp-json\/wp\/v2\/pages\/2189\/revisions\/2190"}],"wp:attachment":[{"href":"https:\/\/websailing-new.stagetest.it\/pl\/wp-json\/wp\/v2\/media?parent=2189"}],"curies":[{"name":"wp","href":"https:\/\/api.w.org\/{rel}","templated":true}]}}