{"id":2191,"date":"2025-03-31T14:52:40","date_gmt":"2025-03-31T12:52:40","guid":{"rendered":"https:\/\/websailing-new.stagetest.it\/polityka-prywatnosci\/"},"modified":"2025-05-29T10:13:01","modified_gmt":"2025-05-29T08:13:01","slug":"polityka-prywatnosci","status":"publish","type":"page","link":"https:\/\/websailing-new.stagetest.it\/pl\/polityka-prywatnosci\/","title":{"rendered":"Polityka prywatno\u015bci"},"content":{"rendered":"\n<div style=\"height:90px\" aria-hidden=\"true\" class=\"wp-block-spacer\"><\/div>\n\n<h1 class=\"wp-block-heading\">Ochrona prywatno\u015bci<\/h1>\n\n<p>Wykonanie obowi\u0105zku informacyjnego wynikaj\u0105cego z Rozporz\u0105dzenia Parlamentu Europejskiego i Rady (UE) 2016\/679 z dnia 27 kwietnia 2016 r. Informujemy, \u017ce administratorem Pani\/Pana danych jest Sailing Byte sp. z o.o. z siedzib\u0105 w Gdyni przy ul. Starowiejskiej 16\/2.  <\/p>\n\n<ol start=\"1\" class=\"wp-block-list\">\n<li>Niniejsza Polityka Prywatno\u015bci dotyczy danych osobowych u\u017cytkownik\u00f3w serwisu Sailing Byte sp. z o.o. oraz os\u00f3b, kt\u00f3rym Sailing Byte \u015bwiadczy us\u0142ugi drog\u0105 elektroniczn\u0105 za po\u015brednictwem serwisu <a href=\"https:\/\/sailingbyte.com\/\">https:\/\/sailingbyte.com\/<\/a> (zwanych dalej \u201eUs\u0142ugobiorcami\u201d). <\/li>\n\n\n\n<li>Administratorem danych osobowych U\u017cytkownik\u00f3w i Us\u0142ugodawc\u00f3w zgodnie z przepisami Rozporz\u0105dzenia Parlamentu Europejskiego i Rady (UE) z dnia 27 kwietnia 2016 r. w sprawie ochrony os\u00f3b fizycznych w zwi\u0105zku z przetwarzaniem danych osobowych i w sprawie swobodnego przep\u0142ywu takich danych oraz uchylenia dyrektywy 95\/46\/WE (og\u00f3lne rozporz\u0105dzenie o ochronie danych) (dalej: (\u201eRODO\u201d) jest Sailing Byte sp. z o. o. z siedzib\u0105 w Gdyni (81-356), ul. Starowiejska 16\/2, (zwana dalej: \u201eAdministratorem Danych\u201d).<\/li>\n\n\n\n<li>U\u017cytkownikowi i Us\u0142ugobiorcy przys\u0142uguje prawo dost\u0119pu do tre\u015bci swoich danych osobowych, ich sprostowania, aktualizacji oraz ograniczenia przetwarzania w zakresie okre\u015blonym w art. 16-18 RODO. W tym celu nale\u017cy skontaktowa\u0107 si\u0119 z Biurem Obs\u0142ugi Klienta lub punktem sprzeda\u017cy bilet\u00f3w pod numerem telefonu: +48 58 500 83 93 lub e-mail: info@sailingbyte.com. <\/li>\n\n\n\n<li>Podanie danych osobowych przez U\u017cytkownika i Us\u0142ugobiorc\u0119 jest dobrowolne, ale niezb\u0119dne do realizacji przez Administratora cel\u00f3w, o kt\u00f3rych mowa w pkt 5 poni\u017cej.<\/li>\n\n\n\n<li>Dane osobowe Us\u0142ugobiorc\u00f3w i U\u017cytkownik\u00f3w s\u0105 przetwarzane przez Administratora Danych wy\u0142\u0105cznie w zakresie niezb\u0119dnym do nast\u0119puj\u0105cych cel\u00f3w:\n<ol start=\"1\" style=\"list-style-type:lower-alpha\" class=\"wp-block-list\">\n<li>\u015bwiadczenia us\u0142ug dost\u0119pnych za po\u015brednictwem strony <a href=\"https:\/\/sailingbyte.com\/\">https:\/\/sailingbyte.com\/<\/a>, w tym rejestracji, dost\u0119pu do panelu u\u017cytkownika i korzystania z us\u0142ug;<\/li>\n\n\n\n<li>obs\u0142uga procedury reklamacyjnej i w razie potrzeby procedury dochodzenia roszcze\u0144;<\/li>\n\n\n\n<li>marketing produkt\u00f3w\/us\u0142ug Administratora;<\/li>\n\n\n\n<li>wysy\u0142ka newslettera;<\/li>\n\n\n\n<li>\u015bwiadczenie us\u0142ug zwi\u0105zanych z produktami Sailing Byte na rzecz U\u017cytkownika;<\/li>\n\n\n\n<li>wykonywania praw i obowi\u0105zk\u00f3w wynikaj\u0105cych z uczestnictwa w programach lojalno\u015bciowych;<\/li>\n\n\n\n<li>zapewnienia zgodno\u015bci z przepisami dotycz\u0105cymi ochrony danych osobowych, w szczeg\u00f3lno\u015bci z RODO;<\/li>\n\n\n\n<li>realizacji przez Administratora Danych obowi\u0105zk\u00f3w wynikaj\u0105cych z obowi\u0105zuj\u0105cych przepis\u00f3w prawa.<\/li>\n<\/ol>\n<\/li>\n\n\n\n<li>Dane osobowe Us\u0142ugobiorc\u00f3w i U\u017cytkownik\u00f3w b\u0119d\u0105 przechowywane przez okres nie d\u0142u\u017cszy ni\u017c jest to konieczne do realizacji celu, dla kt\u00f3rego zosta\u0142y zebrane.<\/li>\n\n\n\n<li>Administrator Danych mo\u017ce przekazywa\u0107 dane osobowe Us\u0142ugobiorc\u00f3w i U\u017cytkownik\u00f3w innym osobom, organom, instytucjom i przewo\u017anikom uprawnionym do uzyskania takich informacji na podstawie obowi\u0105zuj\u0105cych przepis\u00f3w prawa i um\u00f3w mi\u0119dzynarodowych lub gdy takie przekazanie danych jest niezb\u0119dne do wype\u0142nienia prawnie usprawiedliwionych cel\u00f3w realizowanych przez Administratora Danych albo odbiorc\u00f3w danych.<\/li>\n\n\n\n<li>Na podstawie pisemnej umowy zawartej zgodnie z art. 28 RODO Administrator uprawniony jest do powierzenia przetwarzania danych osobowych Us\u0142ugobiorc\u00f3w i U\u017cytkownik\u00f3w podmiotom \u015bwiadcz\u0105cym na rzecz Administratora us\u0142ugi hostingu oraz us\u0142ugi newslettera w celu realizacji czynno\u015bci zwi\u0105zanych z hostingiem, administracj\u0105, utrzymaniem oraz zarz\u0105dzaniem stron\u0105 <a href=\"https:\/\/sailingbyte.com\/\">https:\/\/sailingbyte.com\/.<\/a> Administrator mo\u017ce, w spos\u00f3b, o kt\u00f3rym mowa w zdaniu poprzedzaj\u0105cym, powierzy\u0107 przetwarzanie danych osobowych Us\u0142ugobiorc\u00f3w innym podmiotom, kt\u00f3re r\u00f3wnie\u017c realizuj\u0105 gwarancje zgodne z prawem do przetwarzania, a tak\u017ce w przypadku, gdy jest to niezb\u0119dne do wykonania obowi\u0105zk\u00f3w Administratora wynikaj\u0105cych z obowi\u0105zuj\u0105cych przepis\u00f3w prawa lub umowy. <\/li>\n\n\n\n<li>Administrator zapewnia, \u017ce dok\u0142ada wszelkich stara\u0144, aby przetwarza\u0107 dane osobowe z najwy\u017cszym poszanowaniem prywatno\u015bci os\u00f3b, kt\u00f3rych dane s\u0105 przetwarzane oraz z najwy\u017csz\u0105 dba\u0142o\u015bci\u0105 o bezpiecze\u0144stwo przetwarzanych danych osobowych. W szczeg\u00f3lno\u015bci Administrator zapewnia, \u017ce podj\u0105\u0142 wszelkie dost\u0119pne prawem \u015brodki maj\u0105ce na celu ochron\u0119 przetwarzanych przez niego zbior\u00f3w danych, w tym w szczeg\u00f3lno\u015bci: \n<ol start=\"1\" style=\"list-style-type:lower-alpha\" class=\"wp-block-list\">\n<li>stosowanie \u015brodk\u00f3w technicznych i organizacyjnych zapewniaj\u0105cych ochron\u0119 przetwarzanych danych osobowych odpowiedni\u0105 do zagro\u017ce\u0144 oraz kategorii danych obj\u0119tych ochron\u0105;<\/li>\n\n\n\n<li>ochrona danych przed ich ujawnieniem osobom nieupowa\u017cnionym, przyw\u0142aszczeniem przez osob\u0119 nieuprawnion\u0105, niezgodnym z prawem przetwarzaniem oraz zmian\u0105, utrat\u0105, uszkodzeniem lub zniszczeniem;<\/li>\n\n\n\n<li>prowadzenie dokumentacji opisuj\u0105cej spos\u00f3b przetwarzania danych oraz \u015brodki, o kt\u00f3rych mowa powy\u017cej;<\/li>\n\n\n\n<li>dane mog\u0105 by\u0107 przetwarzane wy\u0142\u0105cznie przez osoby upowa\u017cnione przez Administratora danych;<\/li>\n\n\n\n<li>zapewnienie kontroli nad tym, jakie dane s\u0105 wprowadzane do zbioru, kiedy, przez kogo i komu s\u0105 przekazywane;<\/li>\n\n\n\n<li>prowadzenie rejestru os\u00f3b upowa\u017cnionych do przetwarzania danych osobowych.<\/li>\n<\/ol>\n<\/li>\n\n\n\n<li>Administrator stosuje w szczeg\u00f3lno\u015bci nast\u0119puj\u0105ce \u015brodki s\u0142u\u017c\u0105ce zapobieganiu pozyskiwania przez osoby nieuprawnione dost\u0119pu do informacji i danych osobowych przetwarzanych w ramach <a href=\"https:\/\/sailingbyte.com\/\">serwisu https:\/\/sailingbyte.com\/:<\/a>\n<ol start=\"1\" style=\"list-style-type:lower-alpha\" class=\"wp-block-list\">\n<li>\u015arodki kryptograficzne (tunel VPN i szyfrowane po\u0142\u0105czenie SSH);<\/li>\n\n\n\n<li>Uwierzytelnianie za pomoc\u0105 kluczy RSA i DSA.<\/li>\n<\/ol>\n<\/li>\n\n\n\n<li>Szczeg\u00f3lne zagro\u017cenia zwi\u0105zane z korzystaniem z us\u0142ugi \u015bwiadczonej drog\u0105 elektroniczn\u0105: uzyskanie nieuprawnionego dost\u0119pu do informacji dotycz\u0105cych Us\u0142ugobiorcy lub U\u017cytkownika.<\/li>\n\n\n\n<li>Dane osobowe mog\u0105 by\u0107 przekazywane do kraj\u00f3w spoza Europejskiego Obszaru Gospodarczego (EOG) zgodnie z zasadami okre\u015blonymi w rozdziale 5 RODO.<\/li>\n<\/ol>\n\n<p>Aby skontaktowa\u0107 si\u0119 z administratorem danych, nale\u017cy wys\u0142a\u0107 wiadomo\u015b\u0107 e-mail na adres: <a href=\"mailto:info@sailingbyte.com\">info@sailingbyte.com<\/a><\/p>\n\n<p>Kontakt z inspektorem ochrony danych: <a href=\"mailto:info@sailingbyte.com\">info@sailingbyte.com<\/a><\/p>\n\n<div style=\"height:90px\" aria-hidden=\"true\" class=\"wp-block-spacer\"><\/div>\n","protected":false},"excerpt":{"rendered":"<p>Ochrona prywatno\u015bci Wykonanie obowi\u0105zku informacyjnego wynikaj\u0105cego z Rozporz\u0105dzenia Parlamentu Europejskiego i Rady (UE) 2016\/679 z dnia 27 kwietnia 2016 r. Informujemy, \u017ce administratorem Pani\/Pana danych jest Sailing Byte sp. z o.o. z siedzib\u0105 w Gdyni przy ul. Starowiejskiej 16\/2. Aby skontaktowa\u0107 si\u0119 z administratorem danych, nale\u017cy wys\u0142a\u0107 wiadomo\u015b\u0107 e-mail na adres: info@sailingbyte.com Kontakt z inspektorem [&hellip;]<\/p>\n","protected":false},"author":1,"featured_media":0,"parent":0,"menu_order":0,"comment_status":"closed","ping_status":"closed","template":"page-no-title","meta":{"_acf_changed":false,"inline_featured_image":false,"pgc_sgb_lightbox_settings":"","footnotes":""},"class_list":["post-2191","page","type-page","status-publish","hentry"],"acf":{"schema_json_en":"","schema_json_pl":""},"yoast_head":"<!-- This site is optimized with the Yoast SEO plugin v26.8 - https:\/\/yoast.com\/product\/yoast-seo-wordpress\/ -->\n<title>Rozw\u00f3j oprogramowania do ochrony prywatno\u015bci | Sailing Byte<\/title>\n<meta name=\"description\" content=\"Ochrona prywatno\u015bci Tworzenie aplikacji internetowych Strona Sailing Byte - Laravel i Reactjs Software House, kt\u00f3ry zapewnia pouczaj\u0105ce aplikacje internetowe i mobilne\" \/>\n<meta name=\"robots\" content=\"index, follow, max-snippet:-1, max-image-preview:large, max-video-preview:-1\" \/>\n<link rel=\"canonical\" href=\"https:\/\/websailing-new.stagetest.it\/pl\/polityka-prywatnosci\/\" \/>\n<meta property=\"og:locale\" content=\"pl_PL\" \/>\n<meta property=\"og:type\" content=\"article\" \/>\n<meta property=\"og:title\" content=\"Rozw\u00f3j oprogramowania do ochrony prywatno\u015bci | Sailing Byte\" \/>\n<meta property=\"og:description\" content=\"Ochrona prywatno\u015bci Tworzenie aplikacji internetowych Strona Sailing Byte - Laravel i Reactjs Software House, kt\u00f3ry zapewnia pouczaj\u0105ce aplikacje internetowe i mobilne\" \/>\n<meta property=\"og:url\" content=\"https:\/\/websailing-new.stagetest.it\/pl\/polityka-prywatnosci\/\" \/>\n<meta property=\"og:site_name\" content=\"Sailing Byte\" \/>\n<meta property=\"article:modified_time\" content=\"2025-05-29T08:13:01+00:00\" \/>\n<meta name=\"twitter:card\" content=\"summary_large_image\" \/>\n<meta name=\"twitter:label1\" content=\"Szacowany czas czytania\" \/>\n\t<meta name=\"twitter:data1\" content=\"4 minuty\" \/>\n<script type=\"application\/ld+json\" class=\"yoast-schema-graph\">{\"@context\":\"https:\/\/schema.org\",\"@graph\":[{\"@type\":\"WebPage\",\"@id\":\"https:\/\/websailing-new.stagetest.it\/pl\/polityka-prywatnosci\/\",\"url\":\"https:\/\/websailing-new.stagetest.it\/pl\/polityka-prywatnosci\/\",\"name\":\"Rozw\u00f3j oprogramowania do ochrony prywatno\u015bci | Sailing Byte\",\"isPartOf\":{\"@id\":\"https:\/\/websailing-new.stagetest.it\/pl\/#website\"},\"datePublished\":\"2025-03-31T12:52:40+00:00\",\"dateModified\":\"2025-05-29T08:13:01+00:00\",\"description\":\"Ochrona prywatno\u015bci Tworzenie aplikacji internetowych Strona Sailing Byte - Laravel i Reactjs Software House, kt\u00f3ry zapewnia pouczaj\u0105ce aplikacje internetowe i mobilne\",\"breadcrumb\":{\"@id\":\"https:\/\/websailing-new.stagetest.it\/pl\/polityka-prywatnosci\/#breadcrumb\"},\"inLanguage\":\"pl-PL\",\"potentialAction\":[{\"@type\":\"ReadAction\",\"target\":[\"https:\/\/websailing-new.stagetest.it\/pl\/polityka-prywatnosci\/\"]}]},{\"@type\":\"BreadcrumbList\",\"@id\":\"https:\/\/websailing-new.stagetest.it\/pl\/polityka-prywatnosci\/#breadcrumb\",\"itemListElement\":[{\"@type\":\"ListItem\",\"position\":1,\"name\":\"Home\",\"item\":\"https:\/\/websailing-new.stagetest.it\/pl\/\"},{\"@type\":\"ListItem\",\"position\":2,\"name\":\"Polityka prywatno\u015bci\"}]},{\"@type\":\"WebSite\",\"@id\":\"https:\/\/websailing-new.stagetest.it\/pl\/#website\",\"url\":\"https:\/\/websailing-new.stagetest.it\/pl\/\",\"name\":\"Sailing Byte\",\"description\":\"Laravel &amp; React.js Software House\",\"publisher\":{\"@id\":\"https:\/\/websailing-new.stagetest.it\/pl\/#organization\"},\"potentialAction\":[{\"@type\":\"SearchAction\",\"target\":{\"@type\":\"EntryPoint\",\"urlTemplate\":\"https:\/\/websailing-new.stagetest.it\/pl\/?s={search_term_string}\"},\"query-input\":{\"@type\":\"PropertyValueSpecification\",\"valueRequired\":true,\"valueName\":\"search_term_string\"}}],\"inLanguage\":\"pl-PL\"},{\"@type\":\"Organization\",\"@id\":\"https:\/\/websailing-new.stagetest.it\/pl\/#organization\",\"name\":\"Sailing Byte\",\"url\":\"https:\/\/websailing-new.stagetest.it\/pl\/\",\"logo\":{\"@type\":\"ImageObject\",\"inLanguage\":\"pl-PL\",\"@id\":\"https:\/\/websailing-new.stagetest.it\/pl\/#\/schema\/logo\/image\/\",\"url\":\"https:\/\/websailing-new.stagetest.it\/wp-content\/uploads\/2025\/03\/sb_logo_transparent-1.png\",\"contentUrl\":\"https:\/\/websailing-new.stagetest.it\/wp-content\/uploads\/2025\/03\/sb_logo_transparent-1.png\",\"width\":600,\"height\":93,\"caption\":\"Sailing Byte\"},\"image\":{\"@id\":\"https:\/\/websailing-new.stagetest.it\/pl\/#\/schema\/logo\/image\/\"}}]}<\/script>\n<!-- \/ Yoast SEO plugin. -->","yoast_head_json":{"title":"Rozw\u00f3j oprogramowania do ochrony prywatno\u015bci | Sailing Byte","description":"Ochrona prywatno\u015bci Tworzenie aplikacji internetowych Strona Sailing Byte - Laravel i Reactjs Software House, kt\u00f3ry zapewnia pouczaj\u0105ce aplikacje internetowe i mobilne","robots":{"index":"index","follow":"follow","max-snippet":"max-snippet:-1","max-image-preview":"max-image-preview:large","max-video-preview":"max-video-preview:-1"},"canonical":"https:\/\/websailing-new.stagetest.it\/pl\/polityka-prywatnosci\/","og_locale":"pl_PL","og_type":"article","og_title":"Rozw\u00f3j oprogramowania do ochrony prywatno\u015bci | Sailing Byte","og_description":"Ochrona prywatno\u015bci Tworzenie aplikacji internetowych Strona Sailing Byte - Laravel i Reactjs Software House, kt\u00f3ry zapewnia pouczaj\u0105ce aplikacje internetowe i mobilne","og_url":"https:\/\/websailing-new.stagetest.it\/pl\/polityka-prywatnosci\/","og_site_name":"Sailing Byte","article_modified_time":"2025-05-29T08:13:01+00:00","twitter_card":"summary_large_image","twitter_misc":{"Szacowany czas czytania":"4 minuty"},"schema":{"@context":"https:\/\/schema.org","@graph":[{"@type":"WebPage","@id":"https:\/\/websailing-new.stagetest.it\/pl\/polityka-prywatnosci\/","url":"https:\/\/websailing-new.stagetest.it\/pl\/polityka-prywatnosci\/","name":"Rozw\u00f3j oprogramowania do ochrony prywatno\u015bci | Sailing Byte","isPartOf":{"@id":"https:\/\/websailing-new.stagetest.it\/pl\/#website"},"datePublished":"2025-03-31T12:52:40+00:00","dateModified":"2025-05-29T08:13:01+00:00","description":"Ochrona prywatno\u015bci Tworzenie aplikacji internetowych Strona Sailing Byte - Laravel i Reactjs Software House, kt\u00f3ry zapewnia pouczaj\u0105ce aplikacje internetowe i mobilne","breadcrumb":{"@id":"https:\/\/websailing-new.stagetest.it\/pl\/polityka-prywatnosci\/#breadcrumb"},"inLanguage":"pl-PL","potentialAction":[{"@type":"ReadAction","target":["https:\/\/websailing-new.stagetest.it\/pl\/polityka-prywatnosci\/"]}]},{"@type":"BreadcrumbList","@id":"https:\/\/websailing-new.stagetest.it\/pl\/polityka-prywatnosci\/#breadcrumb","itemListElement":[{"@type":"ListItem","position":1,"name":"Home","item":"https:\/\/websailing-new.stagetest.it\/pl\/"},{"@type":"ListItem","position":2,"name":"Polityka prywatno\u015bci"}]},{"@type":"WebSite","@id":"https:\/\/websailing-new.stagetest.it\/pl\/#website","url":"https:\/\/websailing-new.stagetest.it\/pl\/","name":"Sailing Byte","description":"Laravel &amp; React.js Software House","publisher":{"@id":"https:\/\/websailing-new.stagetest.it\/pl\/#organization"},"potentialAction":[{"@type":"SearchAction","target":{"@type":"EntryPoint","urlTemplate":"https:\/\/websailing-new.stagetest.it\/pl\/?s={search_term_string}"},"query-input":{"@type":"PropertyValueSpecification","valueRequired":true,"valueName":"search_term_string"}}],"inLanguage":"pl-PL"},{"@type":"Organization","@id":"https:\/\/websailing-new.stagetest.it\/pl\/#organization","name":"Sailing Byte","url":"https:\/\/websailing-new.stagetest.it\/pl\/","logo":{"@type":"ImageObject","inLanguage":"pl-PL","@id":"https:\/\/websailing-new.stagetest.it\/pl\/#\/schema\/logo\/image\/","url":"https:\/\/websailing-new.stagetest.it\/wp-content\/uploads\/2025\/03\/sb_logo_transparent-1.png","contentUrl":"https:\/\/websailing-new.stagetest.it\/wp-content\/uploads\/2025\/03\/sb_logo_transparent-1.png","width":600,"height":93,"caption":"Sailing Byte"},"image":{"@id":"https:\/\/websailing-new.stagetest.it\/pl\/#\/schema\/logo\/image\/"}}]}},"_links":{"self":[{"href":"https:\/\/websailing-new.stagetest.it\/pl\/wp-json\/wp\/v2\/pages\/2191","targetHints":{"allow":["GET"]}}],"collection":[{"href":"https:\/\/websailing-new.stagetest.it\/pl\/wp-json\/wp\/v2\/pages"}],"about":[{"href":"https:\/\/websailing-new.stagetest.it\/pl\/wp-json\/wp\/v2\/types\/page"}],"author":[{"embeddable":true,"href":"https:\/\/websailing-new.stagetest.it\/pl\/wp-json\/wp\/v2\/users\/1"}],"replies":[{"embeddable":true,"href":"https:\/\/websailing-new.stagetest.it\/pl\/wp-json\/wp\/v2\/comments?post=2191"}],"version-history":[{"count":1,"href":"https:\/\/websailing-new.stagetest.it\/pl\/wp-json\/wp\/v2\/pages\/2191\/revisions"}],"predecessor-version":[{"id":2192,"href":"https:\/\/websailing-new.stagetest.it\/pl\/wp-json\/wp\/v2\/pages\/2191\/revisions\/2192"}],"wp:attachment":[{"href":"https:\/\/websailing-new.stagetest.it\/pl\/wp-json\/wp\/v2\/media?parent=2191"}],"curies":[{"name":"wp","href":"https:\/\/api.w.org\/{rel}","templated":true}]}}