{"id":757,"date":"2025-03-14T16:55:11","date_gmt":"2025-03-14T15:55:11","guid":{"rendered":"https:\/\/websailing-new.stagetest.it\/studia-przypadkow\/"},"modified":"2025-07-03T15:25:12","modified_gmt":"2025-07-03T13:25:12","slug":"case-studies","status":"publish","type":"page","link":"https:\/\/websailing-new.stagetest.it\/pl\/case-studies\/","title":{"rendered":"Studia przypadk\u00f3w"},"content":{"rendered":"\n<div class=\"wp-block-group is-vertical is-content-justification-center is-layout-flex wp-container-core-group-is-layout-be5c603e wp-block-group-is-layout-flex\" style=\"padding-top:60px;padding-bottom:60px\">\n<h2 class=\"wp-block-heading has-text-align-center\">Przeczytaj, co zrobili\u015bmy dla naszych klient\u00f3w<\/h2>\n\n\n\n<p class=\"has-text-align-center\">Nasze studia przypadk\u00f3w pokazuj\u0105, jak wykorzystali\u015bmy najnowocze\u015bniejsze technologie, takie jak Laravel i React.js, do tworzenia skalowalnych, dynamicznych i przyjaznych dla u\u017cytkownika aplikacji internetowych. Poni\u017cej znajduje si\u0119 ponad 20 studi\u00f3w przypadku od naszych zadowolonych klient\u00f3w. <\/p>\n<\/div>\n\r\n<div class=\"posts-filter-block-container layout-grid wp-block-create-block-posts-with-filters\" id=\"posts-filter-69e8d716bc99f\" data-post-type=\"case-studies\" data-taxonomies=\"[{&quot;slug&quot;:&quot;case-studies-categories&quot;,&quot;name&quot;:&quot;Kategorie&quot;,&quot;rest_base&quot;:&quot;case-studies-categories&quot;}]\" data-lang=\"pl\" data-rest-url=\"https:\/\/websailing-new.stagetest.it\/pl\/wp-json\/\" data-nonce=\"3537ea947d\" data-pagination=\"false\" data-order=\"asc\" data-tax-style=\"pills\" data-i18n-page-x-of-y=\"Strona %1$s z %2$s\" data-i18n-page-one=\"Strona 1 z 1\" data-i18n-read-more=\"Czytaj wi\u0119cej\">\r\n    <form class=\"posts-filter-form\">\r\n                    <div class=\"filter-controls\" style=\"margin-bottom:20px;\">\r\n                                                            <div class=\"filter-group filter-group-taxonomy filter-group-taxonomy-pills filter-group-case-studies-categories\" data-taxonomy-slug=\"case-studies-categories\">\r\n                            <div data-value=\"\" class=\"selected loading-pill\" style=\"width: 120px;\"><\/div>\r\n                            <div data-value=\"\" class=\"selected loading-pill\" style=\"width: 140px;\"><\/div>\r\n                            <div data-value=\"\" class=\"selected loading-pill\" style=\"width: 80px;\"><\/div>\r\n                            <div data-value=\"\" class=\"selected loading-pill\" style=\"width: 120px;\"><\/div>\r\n                            <div data-value=\"\" class=\"selected loading-pill\" style=\"width: 100px;\"><\/div>\r\n                            <div data-value=\"\" class=\"selected loading-pill\" style=\"width: 110px;\"><\/div>\r\n                        <\/div>\r\n                        <span style=\"display: none;\">\r\n                            Wszystkie Kategorie                        <\/span>\r\n                                                <\/div>\r\n                <div class=\"filter-controls\">\r\n            <div>\r\n                \r\n                <div class=\"filter-group filter-group-search\">\r\n                    <input type=\"search\" id=\"posts-filter-69e8d716bc99f-search-input\" name=\"filter_search\" placeholder=\"Search keyword...\">\r\n                <\/div>\r\n            <\/div>\r\n\r\n            <div>\r\n                \r\n                <div class=\"filter-group filter-group-reset\">\r\n                    <button type=\"reset\" class=\"posts-filter-reset-button\">Resetuj<\/button>\r\n                <\/div>\r\n            <\/div>\r\n        <\/div>\r\n    <\/form>\r\n\r\n    <div class=\"posts-filter-results\">\r\n        <!-- Results will be populated by view.js -->\r\n        <div class=\"loading-spinner\" style=\"display: none;\"><\/div>\r\n        <div class=\"results-container\"><\/div>\r\n        <p class=\"no-results-message\" style=\"display: none;\">Nie znaleziono post\u00f3w spe\u0142niaj\u0105cych kryteria.<\/p>\r\n    <\/div>\r\n\r\n    <\/div>","protected":false},"excerpt":{"rendered":"<p>Przeczytaj, co zrobili\u015bmy dla naszych klient\u00f3w Nasze studia przypadk\u00f3w pokazuj\u0105, jak wykorzystali\u015bmy najnowocze\u015bniejsze technologie, takie jak Laravel i React.js, do tworzenia skalowalnych, dynamicznych i przyjaznych dla u\u017cytkownika aplikacji internetowych. Poni\u017cej znajduje si\u0119 ponad 20 studi\u00f3w przypadku od naszych zadowolonych klient\u00f3w.<\/p>\n","protected":false},"author":3,"featured_media":0,"parent":0,"menu_order":0,"comment_status":"closed","ping_status":"closed","template":"page-no-title","meta":{"_acf_changed":false,"inline_featured_image":false,"pgc_sgb_lightbox_settings":"","footnotes":""},"class_list":["post-757","page","type-page","status-publish","hentry"],"acf":{"schema_json_en":"","schema_json_pl":""},"yoast_head":"<!-- This site is optimized with the Yoast SEO plugin v26.8 - https:\/\/yoast.com\/product\/yoast-seo-wordpress\/ -->\n<title>Studia przypadk\u00f3w | Sailing Byte<\/title>\n<meta name=\"robots\" content=\"index, follow, max-snippet:-1, max-image-preview:large, max-video-preview:-1\" \/>\n<link rel=\"canonical\" href=\"https:\/\/websailing-new.stagetest.it\/pl\/case-studies\/\" \/>\n<meta property=\"og:locale\" content=\"pl_PL\" \/>\n<meta property=\"og:type\" content=\"article\" \/>\n<meta property=\"og:title\" content=\"Studia przypadk\u00f3w | Sailing Byte\" \/>\n<meta property=\"og:description\" content=\"Przeczytaj, co zrobili\u015bmy dla naszych klient\u00f3w Nasze studia przypadk\u00f3w pokazuj\u0105, jak wykorzystali\u015bmy najnowocze\u015bniejsze technologie, takie jak Laravel i React.js, do tworzenia skalowalnych, dynamicznych i przyjaznych dla u\u017cytkownika aplikacji internetowych. Poni\u017cej znajduje si\u0119 ponad 20 studi\u00f3w przypadku od naszych zadowolonych klient\u00f3w.\" \/>\n<meta property=\"og:url\" content=\"https:\/\/websailing-new.stagetest.it\/pl\/case-studies\/\" \/>\n<meta property=\"og:site_name\" content=\"Sailing Byte\" \/>\n<meta property=\"article:modified_time\" content=\"2025-07-03T13:25:12+00:00\" \/>\n<meta name=\"twitter:card\" content=\"summary_large_image\" \/>\n<meta name=\"twitter:label1\" content=\"Szacowany czas czytania\" \/>\n\t<meta name=\"twitter:data1\" content=\"1 minuta\" \/>\n<script type=\"application\/ld+json\" class=\"yoast-schema-graph\">{\"@context\":\"https:\/\/schema.org\",\"@graph\":[{\"@type\":\"WebPage\",\"@id\":\"https:\/\/websailing-new.stagetest.it\/pl\/case-studies\/\",\"url\":\"https:\/\/websailing-new.stagetest.it\/pl\/case-studies\/\",\"name\":\"Studia przypadk\u00f3w | Sailing Byte\",\"isPartOf\":{\"@id\":\"https:\/\/websailing-new.stagetest.it\/pl\/#website\"},\"datePublished\":\"2025-03-14T15:55:11+00:00\",\"dateModified\":\"2025-07-03T13:25:12+00:00\",\"breadcrumb\":{\"@id\":\"https:\/\/websailing-new.stagetest.it\/pl\/case-studies\/#breadcrumb\"},\"inLanguage\":\"pl-PL\",\"potentialAction\":[{\"@type\":\"ReadAction\",\"target\":[\"https:\/\/websailing-new.stagetest.it\/pl\/case-studies\/\"]}]},{\"@type\":\"BreadcrumbList\",\"@id\":\"https:\/\/websailing-new.stagetest.it\/pl\/case-studies\/#breadcrumb\",\"itemListElement\":[{\"@type\":\"ListItem\",\"position\":1,\"name\":\"Home\",\"item\":\"https:\/\/websailing-new.stagetest.it\/pl\/\"},{\"@type\":\"ListItem\",\"position\":2,\"name\":\"Studia przypadk\u00f3w\"}]},{\"@type\":\"WebSite\",\"@id\":\"https:\/\/websailing-new.stagetest.it\/pl\/#website\",\"url\":\"https:\/\/websailing-new.stagetest.it\/pl\/\",\"name\":\"Sailing Byte\",\"description\":\"Laravel &amp; React.js Software House\",\"publisher\":{\"@id\":\"https:\/\/websailing-new.stagetest.it\/pl\/#organization\"},\"potentialAction\":[{\"@type\":\"SearchAction\",\"target\":{\"@type\":\"EntryPoint\",\"urlTemplate\":\"https:\/\/websailing-new.stagetest.it\/pl\/?s={search_term_string}\"},\"query-input\":{\"@type\":\"PropertyValueSpecification\",\"valueRequired\":true,\"valueName\":\"search_term_string\"}}],\"inLanguage\":\"pl-PL\"},{\"@type\":\"Organization\",\"@id\":\"https:\/\/websailing-new.stagetest.it\/pl\/#organization\",\"name\":\"Sailing Byte\",\"url\":\"https:\/\/websailing-new.stagetest.it\/pl\/\",\"logo\":{\"@type\":\"ImageObject\",\"inLanguage\":\"pl-PL\",\"@id\":\"https:\/\/websailing-new.stagetest.it\/pl\/#\/schema\/logo\/image\/\",\"url\":\"https:\/\/websailing-new.stagetest.it\/wp-content\/uploads\/2025\/03\/sb_logo_transparent-1.png\",\"contentUrl\":\"https:\/\/websailing-new.stagetest.it\/wp-content\/uploads\/2025\/03\/sb_logo_transparent-1.png\",\"width\":600,\"height\":93,\"caption\":\"Sailing Byte\"},\"image\":{\"@id\":\"https:\/\/websailing-new.stagetest.it\/pl\/#\/schema\/logo\/image\/\"}}]}<\/script>\n<!-- \/ Yoast SEO plugin. -->","yoast_head_json":{"title":"Studia przypadk\u00f3w | Sailing Byte","robots":{"index":"index","follow":"follow","max-snippet":"max-snippet:-1","max-image-preview":"max-image-preview:large","max-video-preview":"max-video-preview:-1"},"canonical":"https:\/\/websailing-new.stagetest.it\/pl\/case-studies\/","og_locale":"pl_PL","og_type":"article","og_title":"Studia przypadk\u00f3w | Sailing Byte","og_description":"Przeczytaj, co zrobili\u015bmy dla naszych klient\u00f3w Nasze studia przypadk\u00f3w pokazuj\u0105, jak wykorzystali\u015bmy najnowocze\u015bniejsze technologie, takie jak Laravel i React.js, do tworzenia skalowalnych, dynamicznych i przyjaznych dla u\u017cytkownika aplikacji internetowych. Poni\u017cej znajduje si\u0119 ponad 20 studi\u00f3w przypadku od naszych zadowolonych klient\u00f3w.","og_url":"https:\/\/websailing-new.stagetest.it\/pl\/case-studies\/","og_site_name":"Sailing Byte","article_modified_time":"2025-07-03T13:25:12+00:00","twitter_card":"summary_large_image","twitter_misc":{"Szacowany czas czytania":"1 minuta"},"schema":{"@context":"https:\/\/schema.org","@graph":[{"@type":"WebPage","@id":"https:\/\/websailing-new.stagetest.it\/pl\/case-studies\/","url":"https:\/\/websailing-new.stagetest.it\/pl\/case-studies\/","name":"Studia przypadk\u00f3w | Sailing Byte","isPartOf":{"@id":"https:\/\/websailing-new.stagetest.it\/pl\/#website"},"datePublished":"2025-03-14T15:55:11+00:00","dateModified":"2025-07-03T13:25:12+00:00","breadcrumb":{"@id":"https:\/\/websailing-new.stagetest.it\/pl\/case-studies\/#breadcrumb"},"inLanguage":"pl-PL","potentialAction":[{"@type":"ReadAction","target":["https:\/\/websailing-new.stagetest.it\/pl\/case-studies\/"]}]},{"@type":"BreadcrumbList","@id":"https:\/\/websailing-new.stagetest.it\/pl\/case-studies\/#breadcrumb","itemListElement":[{"@type":"ListItem","position":1,"name":"Home","item":"https:\/\/websailing-new.stagetest.it\/pl\/"},{"@type":"ListItem","position":2,"name":"Studia przypadk\u00f3w"}]},{"@type":"WebSite","@id":"https:\/\/websailing-new.stagetest.it\/pl\/#website","url":"https:\/\/websailing-new.stagetest.it\/pl\/","name":"Sailing Byte","description":"Laravel &amp; React.js Software House","publisher":{"@id":"https:\/\/websailing-new.stagetest.it\/pl\/#organization"},"potentialAction":[{"@type":"SearchAction","target":{"@type":"EntryPoint","urlTemplate":"https:\/\/websailing-new.stagetest.it\/pl\/?s={search_term_string}"},"query-input":{"@type":"PropertyValueSpecification","valueRequired":true,"valueName":"search_term_string"}}],"inLanguage":"pl-PL"},{"@type":"Organization","@id":"https:\/\/websailing-new.stagetest.it\/pl\/#organization","name":"Sailing Byte","url":"https:\/\/websailing-new.stagetest.it\/pl\/","logo":{"@type":"ImageObject","inLanguage":"pl-PL","@id":"https:\/\/websailing-new.stagetest.it\/pl\/#\/schema\/logo\/image\/","url":"https:\/\/websailing-new.stagetest.it\/wp-content\/uploads\/2025\/03\/sb_logo_transparent-1.png","contentUrl":"https:\/\/websailing-new.stagetest.it\/wp-content\/uploads\/2025\/03\/sb_logo_transparent-1.png","width":600,"height":93,"caption":"Sailing Byte"},"image":{"@id":"https:\/\/websailing-new.stagetest.it\/pl\/#\/schema\/logo\/image\/"}}]}},"_links":{"self":[{"href":"https:\/\/websailing-new.stagetest.it\/pl\/wp-json\/wp\/v2\/pages\/757","targetHints":{"allow":["GET"]}}],"collection":[{"href":"https:\/\/websailing-new.stagetest.it\/pl\/wp-json\/wp\/v2\/pages"}],"about":[{"href":"https:\/\/websailing-new.stagetest.it\/pl\/wp-json\/wp\/v2\/types\/page"}],"author":[{"embeddable":true,"href":"https:\/\/websailing-new.stagetest.it\/pl\/wp-json\/wp\/v2\/users\/3"}],"replies":[{"embeddable":true,"href":"https:\/\/websailing-new.stagetest.it\/pl\/wp-json\/wp\/v2\/comments?post=757"}],"version-history":[{"count":30,"href":"https:\/\/websailing-new.stagetest.it\/pl\/wp-json\/wp\/v2\/pages\/757\/revisions"}],"predecessor-version":[{"id":6851,"href":"https:\/\/websailing-new.stagetest.it\/pl\/wp-json\/wp\/v2\/pages\/757\/revisions\/6851"}],"wp:attachment":[{"href":"https:\/\/websailing-new.stagetest.it\/pl\/wp-json\/wp\/v2\/media?parent=757"}],"curies":[{"name":"wp","href":"https:\/\/api.w.org\/{rel}","templated":true}]}}